{"id":200,"date":"2025-03-31T08:49:58","date_gmt":"2025-03-31T08:49:58","guid":{"rendered":"https:\/\/istanbuldeniz.com\/?page_id=200"},"modified":"2025-04-10T20:17:37","modified_gmt":"2025-04-10T20:17:37","slug":"gaz-jeneratorleri","status":"publish","type":"page","link":"https:\/\/istanbuldeniz.com\/index.php\/uretim\/jeneratorler\/gaz-jeneratorleri\/","title":{"rendered":"Gaz Jenerat\u00f6rleri"},"content":{"rendered":"\n<div data-wp-interactive=\"core\/file\" class=\"wp-block-file\"><object data-wp-bind--hidden=\"!state.hasPdfPreview\" hidden class=\"wp-block-file__embed\" data=\"https:\/\/istanbuldeniz.com\/wp-content\/uploads\/2025\/04\/sgt400_gas-turbin.pdf\" type=\"application\/pdf\" style=\"width:100%;height:700px\" aria-label=\"sgt400_gas turbin g\u00f6m\u00fcs\u00fc.\"><\/object><a id=\"wp-block-file--media-2a4bd106-a4a8-4a7f-9a2c-f9346516bce2\" href=\"https:\/\/istanbuldeniz.com\/wp-content\/uploads\/2025\/04\/sgt400_gas-turbin.pdf\">sgt400_gas turbin<\/a><a href=\"https:\/\/istanbuldeniz.com\/wp-content\/uploads\/2025\/04\/sgt400_gas-turbin.pdf\" class=\"wp-block-file__button wp-element-button\" download aria-describedby=\"wp-block-file--media-2a4bd106-a4a8-4a7f-9a2c-f9346516bce2\">\u0130ndir<\/a><\/div>\n","protected":false},"excerpt":{"rendered":"","protected":false},"author":1,"featured_media":0,"parent":198,"menu_order":0,"comment_status":"closed","ping_status":"closed","template":"","meta":{"saved_in_kubio":false,"footnotes":""},"class_list":["post-200","page","type-page","status-publish","hentry"],"kubio_ai_page_context":{"short_desc":"","purpose":"general"},"_links":{"self":[{"href":"https:\/\/istanbuldeniz.com\/index.php\/wp-json\/wp\/v2\/pages\/200","targetHints":{"allow":["GET"]}}],"collection":[{"href":"https:\/\/istanbuldeniz.com\/index.php\/wp-json\/wp\/v2\/pages"}],"about":[{"href":"https:\/\/istanbuldeniz.com\/index.php\/wp-json\/wp\/v2\/types\/page"}],"author":[{"embeddable":true,"href":"https:\/\/istanbuldeniz.com\/index.php\/wp-json\/wp\/v2\/users\/1"}],"replies":[{"embeddable":true,"href":"https:\/\/istanbuldeniz.com\/index.php\/wp-json\/wp\/v2\/comments?post=200"}],"version-history":[{"count":3,"href":"https:\/\/istanbuldeniz.com\/index.php\/wp-json\/wp\/v2\/pages\/200\/revisions"}],"predecessor-version":[{"id":306,"href":"https:\/\/istanbuldeniz.com\/index.php\/wp-json\/wp\/v2\/pages\/200\/revisions\/306"}],"up":[{"embeddable":true,"href":"https:\/\/istanbuldeniz.com\/index.php\/wp-json\/wp\/v2\/pages\/198"}],"wp:attachment":[{"href":"https:\/\/istanbuldeniz.com\/index.php\/wp-json\/wp\/v2\/media?parent=200"}],"curies":[{"name":"wp","href":"https:\/\/api.w.org\/{rel}","templated":true}]}}